{"id":1355,"date":"2021-05-31T14:00:07","date_gmt":"2021-05-31T13:00:07","guid":{"rendered":"https:\/\/www.all-in-one-mallorca.com\/aviso-legal\/"},"modified":"2021-06-26T22:48:53","modified_gmt":"2021-06-26T21:48:53","slug":"aviso-legal","status":"publish","type":"page","link":"https:\/\/www.all-in-one-mallorca.com\/es\/aviso-legal\/","title":{"rendered":"Aviso Legal"},"content":{"rendered":"\t\t<div data-elementor-type=\"wp-page\" data-elementor-id=\"1355\" class=\"elementor elementor-1355 elementor-35\" data-elementor-post-type=\"page\">\n\t\t\t\t\t\t<section class=\"elementor-section elementor-top-section elementor-element elementor-element-5fd2252 elementor-section-boxed elementor-section-height-default elementor-section-height-default\" data-id=\"5fd2252\" data-element_type=\"section\" data-e-type=\"section\" data-settings=\"{&quot;background_background&quot;:&quot;classic&quot;}\">\n\t\t\t\t\t\t\t<div class=\"elementor-background-overlay\"><\/div>\n\t\t\t\t\t\t\t<div class=\"elementor-container elementor-column-gap-default\">\n\t\t\t\t\t<div class=\"elementor-column elementor-col-100 elementor-top-column elementor-element elementor-element-4ece1d2\" data-id=\"4ece1d2\" data-element_type=\"column\" data-e-type=\"column\">\n\t\t\t<div class=\"elementor-widget-wrap elementor-element-populated\">\n\t\t\t\t\t\t<div class=\"elementor-element elementor-element-bf29bbe elementor-widget elementor-widget-heading\" data-id=\"bf29bbe\" data-element_type=\"widget\" data-e-type=\"widget\" data-widget_type=\"heading.default\">\n\t\t\t\t<div class=\"elementor-widget-container\">\n\t\t\t\t\t<h2 class=\"elementor-heading-title elementor-size-default\">Informaci\u00f3n legal, copyright y descargo de responsabilidad<\/h2>\t\t\t\t<\/div>\n\t\t\t\t<\/div>\n\t\t\t\t<div class=\"elementor-element elementor-element-be13b90 elementor-widget elementor-widget-text-editor\" data-id=\"be13b90\" data-element_type=\"widget\" data-e-type=\"widget\" data-widget_type=\"text-editor.default\">\n\t\t\t\t<div class=\"elementor-widget-container\">\n\t\t\t\t\t\t\t\t\t<div>\n<div id=\"impressum\">\n<p><span class=\"VIiyi\" lang=\"es\"><span class=\"JLqJ4b ChMk0b\" data-language-for-alternatives=\"es\" data-language-to-translate-into=\"de\" data-phrase-index=\"0\">Este sitio web es propiedad de:<\/span><\/span><\/p>\n<p><strong>All In One Mallorca 2011 SL<\/strong><\/p>\n<p>Calle Marbella 42<\/p>\n<p>E-07610 Playa de Palma | Mallorca<\/p>\n<p><strong>CIF: B57725939<\/strong><\/p>\n<p>Tel\/Fax:\u00a0 (+34) 971 265 190<\/p>\n<p>Mobil:\u00a0\u00a0\u00a0 (+34) 682 696 210<\/p>\n<p><a href=\"mailto:in**@*************ca.com\" data-original-string=\"\/hiAGFEEHw7q+ZddneLkBw==138bVPJ6XWRN6a2bfd3hF+EmmQz8VUz2bLtWw\/FZqty9UE=\" title=\"Este contacto ha sido codificado por Anti-Spam by CleanTalk. Haz clic para decodificar. Para finalizar la decodificaci\u00f3n, aseg\u00farate de que JavaScript est\u00e1 activado en tu navegador.\"><span \n                data-original-string='ugGkFGuckzDdLLRJYcfzuQ==138ISRPiiXzu4hpMXgCzBMUQ94Sb9HIHfVTMxTADK\/\/uAo='\n                class='apbct-email-encoder'\n                title='Este contacto ha sido codificado por Anti-Spam by CleanTalk. Haz clic para decodificar. Para finalizar la decodificaci\u00f3n, aseg\u00farate de que JavaScript est\u00e1 activado en tu navegador.'>in<span class=\"apbct-blur\">**<\/span>@<span class=\"apbct-blur\">*************<\/span>ca.com<\/span><\/a><\/p>\n<p><a href=\"mailto:ko*****@*****************ca.com\" data-original-string=\"P26XOMb+QbKVhSYj1BnIXg==138BSycG6jYa6Z7Z0OwK7\/BEl8iNKZEGB1ujwQpNz7BIuY=\" title=\"Este contacto ha sido codificado por Anti-Spam by CleanTalk. Haz clic para decodificar. Para finalizar la decodificaci\u00f3n, aseg\u00farate de que JavaScript est\u00e1 activado en tu navegador.\"><span \n                data-original-string='0HmHy99w2Qu4Z9x5yq8mYw==138d7OQxEgp6DhoOtuxoafJzrP0N19x2USspnFHbJC0AfM='\n                class='apbct-email-encoder'\n                title='Este contacto ha sido codificado por Anti-Spam by CleanTalk. Haz clic para decodificar. Para finalizar la decodificaci\u00f3n, aseg\u00farate de que JavaScript est\u00e1 activado en tu navegador.'>ko<span class=\"apbct-blur\">*****<\/span>@<span class=\"apbct-blur\">*****************<\/span>ca.com<\/span><\/a><\/p>\n<\/div>\n<\/div>\n<div>\n<div>\n<div>\n<div><\/div>\n<\/div>\n<\/div>\n<\/div>\n\t\t\t\t\t\t\t\t<\/div>\n\t\t\t\t<\/div>\n\t\t\t\t\t<\/div>\n\t\t<\/div>\n\t\t\t\t\t<\/div>\n\t\t<\/section>\n\t\t\t\t<\/div>\n\t\t","protected":false},"excerpt":{"rendered":"<p>Informaci\u00f3n legal, copyright y descargo de responsabilidad Este sitio web es propiedad de: All In One Mallorca 2011 SL Calle Marbella 42 E-07610 Playa de Palma | Mallorca CIF: B57725939 Tel\/Fax:\u00a0 (+34) 971 265 190 Mobil:\u00a0\u00a0\u00a0 (+34) 682 696 210 in**@*************ca.com ko*****@*****************ca.com<\/p>\n","protected":false},"author":1,"featured_media":0,"parent":0,"menu_order":12,"comment_status":"closed","ping_status":"closed","template":"","meta":{"_acf_changed":false,"footnotes":""},"class_list":["post-1355","page","type-page","status-publish","hentry"],"acf":[],"_links":{"self":[{"href":"https:\/\/www.all-in-one-mallorca.com\/es\/wp-json\/wp\/v2\/pages\/1355","targetHints":{"allow":["GET"]}}],"collection":[{"href":"https:\/\/www.all-in-one-mallorca.com\/es\/wp-json\/wp\/v2\/pages"}],"about":[{"href":"https:\/\/www.all-in-one-mallorca.com\/es\/wp-json\/wp\/v2\/types\/page"}],"author":[{"embeddable":true,"href":"https:\/\/www.all-in-one-mallorca.com\/es\/wp-json\/wp\/v2\/users\/1"}],"replies":[{"embeddable":true,"href":"https:\/\/www.all-in-one-mallorca.com\/es\/wp-json\/wp\/v2\/comments?post=1355"}],"version-history":[{"count":0,"href":"https:\/\/www.all-in-one-mallorca.com\/es\/wp-json\/wp\/v2\/pages\/1355\/revisions"}],"wp:attachment":[{"href":"https:\/\/www.all-in-one-mallorca.com\/es\/wp-json\/wp\/v2\/media?parent=1355"}],"curies":[{"name":"wp","href":"https:\/\/api.w.org\/{rel}","templated":true}]}}