{"id":1345,"date":"2021-05-31T13:49:27","date_gmt":"2021-05-31T12:49:27","guid":{"rendered":"https:\/\/www.all-in-one-mallorca.com\/e-bikes-fat-bikes\/"},"modified":"2021-06-10T14:51:19","modified_gmt":"2021-06-10T13:51:19","slug":"e-bikes-fat-bikes","status":"publish","type":"page","link":"https:\/\/www.all-in-one-mallorca.com\/es\/e-bikes-fat-bikes\/","title":{"rendered":"E-Bikes &#038; Fat Bikes"},"content":{"rendered":"\t\t<div data-elementor-type=\"wp-page\" data-elementor-id=\"1345\" class=\"elementor elementor-1345\" data-elementor-post-type=\"page\">\n\t\t\t\t\t\t<section class=\"elementor-section elementor-top-section elementor-element elementor-element-05e1576 elementor-section-boxed elementor-section-height-default elementor-section-height-default\" data-id=\"05e1576\" data-element_type=\"section\" data-e-type=\"section\" data-settings=\"{&quot;background_background&quot;:&quot;classic&quot;}\">\n\t\t\t\t\t\t\t<div class=\"elementor-background-overlay\"><\/div>\n\t\t\t\t\t\t\t<div class=\"elementor-container elementor-column-gap-default\">\n\t\t\t\t\t<div class=\"elementor-column elementor-col-100 elementor-top-column elementor-element elementor-element-156f7f6\" data-id=\"156f7f6\" data-element_type=\"column\" data-e-type=\"column\">\n\t\t\t<div class=\"elementor-widget-wrap elementor-element-populated\">\n\t\t\t\t\t\t<div class=\"elementor-element elementor-element-b6f1f2d elementor-widget elementor-widget-heading\" data-id=\"b6f1f2d\" data-element_type=\"widget\" data-e-type=\"widget\" data-widget_type=\"heading.default\">\n\t\t\t\t<div class=\"elementor-widget-container\">\n\t\t\t\t\t<h2 class=\"elementor-heading-title elementor-size-default\">E-Bikes &amp; Fat Bikes<\/h2>\t\t\t\t<\/div>\n\t\t\t\t<\/div>\n\t\t\t\t<div class=\"elementor-element elementor-element-f8dfa9d elementor-widget elementor-widget-text-editor\" data-id=\"f8dfa9d\" data-element_type=\"widget\" data-e-type=\"widget\" data-widget_type=\"text-editor.default\">\n\t\t\t\t<div class=\"elementor-widget-container\">\n\t\t\t\t\t\t\t\t\t<p>Ofrecemos elegantes <span style=\"color: #ff9900;\">bicicletas el\u00e9ctricas<\/span> para alquilar o vender.<\/p>\n<p>\u00a1Debido a su genial estilo \u00abHarley each Cruiser\u00bb, las bicicletas el\u00e9ctricas fat son un atractivo absoluto! Los precios de alquiler son 39 euros por medio d\u00eda (4 horas) o 59 euros por un d\u00eda entero.<\/p>\n<p>Las motos tambi\u00e9n est\u00e1n a la venta por 2.990 \u20ac. Se pueden dise\u00f1ar y ordenar individualmente en t\u00e9rminos de color. El plazo de entrega es de aproximadamente 8 semanas.<\/p>\n\t\t\t\t\t\t\t\t<\/div>\n\t\t\t\t<\/div>\n\t\t\t\t<div class=\"elementor-element elementor-element-de78570 elementor-widget elementor-widget-gallery\" data-id=\"de78570\" data-element_type=\"widget\" data-e-type=\"widget\" data-settings=\"{&quot;gallery_layout&quot;:&quot;masonry&quot;,&quot;columns&quot;:3,&quot;lazyload&quot;:&quot;yes&quot;,&quot;columns_tablet&quot;:2,&quot;columns_mobile&quot;:1,&quot;gap&quot;:{&quot;unit&quot;:&quot;px&quot;,&quot;size&quot;:10,&quot;sizes&quot;:[]},&quot;gap_tablet&quot;:{&quot;unit&quot;:&quot;px&quot;,&quot;size&quot;:10,&quot;sizes&quot;:[]},&quot;gap_mobile&quot;:{&quot;unit&quot;:&quot;px&quot;,&quot;size&quot;:10,&quot;sizes&quot;:[]},&quot;link_to&quot;:&quot;file&quot;,&quot;overlay_background&quot;:&quot;yes&quot;,&quot;content_hover_animation&quot;:&quot;fade-in&quot;}\" data-widget_type=\"gallery.default\">\n\t\t\t\t<div class=\"elementor-widget-container\">\n\t\t\t\t\t\t\t<div class=\"elementor-gallery__container\">\n\t\t\t\t\t\t\t<a class=\"e-gallery-item elementor-gallery-item elementor-animated-content\" href=\"https:\/\/www.all-in-one-mallorca.com\/wp-content\/uploads\/2021\/06\/E-Bikes-1.jpg\" data-elementor-open-lightbox=\"yes\" data-elementor-lightbox-slideshow=\"de78570\" data-e-action-hash=\"#elementor-action%3Aaction%3Dlightbox%26settings%3DeyJpZCI6MjI3NCwidXJsIjoiaHR0cHM6XC9cL3d3dy5hbGwtaW4tb25lLW1hbGxvcmNhLmNvbVwvd3AtY29udGVudFwvdXBsb2Fkc1wvMjAyMVwvMDZcL0UtQmlrZXMtMS5qcGciLCJzbGlkZXNob3ciOiJkZTc4NTcwIn0%3D\">\n\t\t\t\t\t<div class=\"e-gallery-image elementor-gallery-item__image\" data-thumbnail=\"https:\/\/www.all-in-one-mallorca.com\/wp-content\/uploads\/2021\/06\/E-Bikes-1.jpg\" data-width=\"768\" data-height=\"576\" aria-label=\"\" role=\"img\" ><\/div>\n\t\t\t\t\t\t\t\t\t\t\t<div class=\"elementor-gallery-item__overlay\"><\/div>\n\t\t\t\t\t\t\t\t\t\t\t\t\t\t<\/a>\n\t\t\t\t\t\t\t<a class=\"e-gallery-item elementor-gallery-item elementor-animated-content\" href=\"https:\/\/www.all-in-one-mallorca.com\/wp-content\/uploads\/2021\/06\/E-Bikes-2.jpg\" data-elementor-open-lightbox=\"yes\" data-elementor-lightbox-slideshow=\"de78570\" data-e-action-hash=\"#elementor-action%3Aaction%3Dlightbox%26settings%3DeyJpZCI6MjI3NywidXJsIjoiaHR0cHM6XC9cL3d3dy5hbGwtaW4tb25lLW1hbGxvcmNhLmNvbVwvd3AtY29udGVudFwvdXBsb2Fkc1wvMjAyMVwvMDZcL0UtQmlrZXMtMi5qcGciLCJzbGlkZXNob3ciOiJkZTc4NTcwIn0%3D\">\n\t\t\t\t\t<div class=\"e-gallery-image elementor-gallery-item__image\" data-thumbnail=\"https:\/\/www.all-in-one-mallorca.com\/wp-content\/uploads\/2021\/06\/E-Bikes-2.jpg\" data-width=\"768\" data-height=\"576\" aria-label=\"\" role=\"img\" ><\/div>\n\t\t\t\t\t\t\t\t\t\t\t<div class=\"elementor-gallery-item__overlay\"><\/div>\n\t\t\t\t\t\t\t\t\t\t\t\t\t\t<\/a>\n\t\t\t\t\t\t\t<a class=\"e-gallery-item elementor-gallery-item elementor-animated-content\" href=\"https:\/\/www.all-in-one-mallorca.com\/wp-content\/uploads\/2021\/06\/E-Bikes-3.jpg\" data-elementor-open-lightbox=\"yes\" data-elementor-lightbox-slideshow=\"de78570\" data-e-action-hash=\"#elementor-action%3Aaction%3Dlightbox%26settings%3DeyJpZCI6MjI4MCwidXJsIjoiaHR0cHM6XC9cL3d3dy5hbGwtaW4tb25lLW1hbGxvcmNhLmNvbVwvd3AtY29udGVudFwvdXBsb2Fkc1wvMjAyMVwvMDZcL0UtQmlrZXMtMy5qcGciLCJzbGlkZXNob3ciOiJkZTc4NTcwIn0%3D\">\n\t\t\t\t\t<div class=\"e-gallery-image elementor-gallery-item__image\" data-thumbnail=\"https:\/\/www.all-in-one-mallorca.com\/wp-content\/uploads\/2021\/06\/E-Bikes-3.jpg\" data-width=\"450\" data-height=\"600\" aria-label=\"\" role=\"img\" ><\/div>\n\t\t\t\t\t\t\t\t\t\t\t<div class=\"elementor-gallery-item__overlay\"><\/div>\n\t\t\t\t\t\t\t\t\t\t\t\t\t\t<\/a>\n\t\t\t\t\t\t\t<a class=\"e-gallery-item elementor-gallery-item elementor-animated-content\" href=\"https:\/\/www.all-in-one-mallorca.com\/wp-content\/uploads\/2021\/06\/E-Bikes-4.jpg\" data-elementor-open-lightbox=\"yes\" data-elementor-lightbox-slideshow=\"de78570\" data-e-action-hash=\"#elementor-action%3Aaction%3Dlightbox%26settings%3DeyJpZCI6MjI4MywidXJsIjoiaHR0cHM6XC9cL3d3dy5hbGwtaW4tb25lLW1hbGxvcmNhLmNvbVwvd3AtY29udGVudFwvdXBsb2Fkc1wvMjAyMVwvMDZcL0UtQmlrZXMtNC5qcGciLCJzbGlkZXNob3ciOiJkZTc4NTcwIn0%3D\">\n\t\t\t\t\t<div class=\"e-gallery-image elementor-gallery-item__image\" data-thumbnail=\"https:\/\/www.all-in-one-mallorca.com\/wp-content\/uploads\/2021\/06\/E-Bikes-4.jpg\" data-width=\"768\" data-height=\"576\" aria-label=\"\" role=\"img\" ><\/div>\n\t\t\t\t\t\t\t\t\t\t\t<div class=\"elementor-gallery-item__overlay\"><\/div>\n\t\t\t\t\t\t\t\t\t\t\t\t\t\t<\/a>\n\t\t\t\t\t\t\t<a class=\"e-gallery-item elementor-gallery-item elementor-animated-content\" href=\"https:\/\/www.all-in-one-mallorca.com\/wp-content\/uploads\/2021\/06\/E-Bikes-5.jpg\" data-elementor-open-lightbox=\"yes\" data-elementor-lightbox-slideshow=\"de78570\" data-e-action-hash=\"#elementor-action%3Aaction%3Dlightbox%26settings%3DeyJpZCI6MjI4NiwidXJsIjoiaHR0cHM6XC9cL3d3dy5hbGwtaW4tb25lLW1hbGxvcmNhLmNvbVwvd3AtY29udGVudFwvdXBsb2Fkc1wvMjAyMVwvMDZcL0UtQmlrZXMtNS5qcGciLCJzbGlkZXNob3ciOiJkZTc4NTcwIn0%3D\">\n\t\t\t\t\t<div class=\"e-gallery-image elementor-gallery-item__image\" data-thumbnail=\"https:\/\/www.all-in-one-mallorca.com\/wp-content\/uploads\/2021\/06\/E-Bikes-5.jpg\" data-width=\"600\" data-height=\"600\" aria-label=\"\" role=\"img\" ><\/div>\n\t\t\t\t\t\t\t\t\t\t\t<div class=\"elementor-gallery-item__overlay\"><\/div>\n\t\t\t\t\t\t\t\t\t\t\t\t\t\t<\/a>\n\t\t\t\t\t\t\t<a class=\"e-gallery-item elementor-gallery-item elementor-animated-content\" href=\"https:\/\/www.all-in-one-mallorca.com\/wp-content\/uploads\/2021\/06\/E-Bikes-6.jpg\" data-elementor-open-lightbox=\"yes\" data-elementor-lightbox-slideshow=\"de78570\" data-e-action-hash=\"#elementor-action%3Aaction%3Dlightbox%26settings%3DeyJpZCI6MjI4OSwidXJsIjoiaHR0cHM6XC9cL3d3dy5hbGwtaW4tb25lLW1hbGxvcmNhLmNvbVwvd3AtY29udGVudFwvdXBsb2Fkc1wvMjAyMVwvMDZcL0UtQmlrZXMtNi5qcGciLCJzbGlkZXNob3ciOiJkZTc4NTcwIn0%3D\">\n\t\t\t\t\t<div class=\"e-gallery-image elementor-gallery-item__image\" data-thumbnail=\"https:\/\/www.all-in-one-mallorca.com\/wp-content\/uploads\/2021\/06\/E-Bikes-6.jpg\" data-width=\"600\" data-height=\"600\" aria-label=\"\" role=\"img\" ><\/div>\n\t\t\t\t\t\t\t\t\t\t\t<div class=\"elementor-gallery-item__overlay\"><\/div>\n\t\t\t\t\t\t\t\t\t\t\t\t\t\t<\/a>\n\t\t\t\t\t\t\t<a class=\"e-gallery-item elementor-gallery-item elementor-animated-content\" href=\"https:\/\/www.all-in-one-mallorca.com\/wp-content\/uploads\/2021\/06\/E-Bikes-7.jpg\" data-elementor-open-lightbox=\"yes\" data-elementor-lightbox-slideshow=\"de78570\" data-e-action-hash=\"#elementor-action%3Aaction%3Dlightbox%26settings%3DeyJpZCI6MjI5MiwidXJsIjoiaHR0cHM6XC9cL3d3dy5hbGwtaW4tb25lLW1hbGxvcmNhLmNvbVwvd3AtY29udGVudFwvdXBsb2Fkc1wvMjAyMVwvMDZcL0UtQmlrZXMtNy5qcGciLCJzbGlkZXNob3ciOiJkZTc4NTcwIn0%3D\">\n\t\t\t\t\t<div class=\"e-gallery-image elementor-gallery-item__image\" data-thumbnail=\"https:\/\/www.all-in-one-mallorca.com\/wp-content\/uploads\/2021\/06\/E-Bikes-7.jpg\" data-width=\"768\" data-height=\"576\" aria-label=\"\" role=\"img\" ><\/div>\n\t\t\t\t\t\t\t\t\t\t\t<div class=\"elementor-gallery-item__overlay\"><\/div>\n\t\t\t\t\t\t\t\t\t\t\t\t\t\t<\/a>\n\t\t\t\t\t\t\t<a class=\"e-gallery-item elementor-gallery-item elementor-animated-content\" href=\"https:\/\/www.all-in-one-mallorca.com\/wp-content\/uploads\/2021\/06\/E-Bikes-8.jpg\" data-elementor-open-lightbox=\"yes\" data-elementor-lightbox-slideshow=\"de78570\" data-e-action-hash=\"#elementor-action%3Aaction%3Dlightbox%26settings%3DeyJpZCI6MjI5NSwidXJsIjoiaHR0cHM6XC9cL3d3dy5hbGwtaW4tb25lLW1hbGxvcmNhLmNvbVwvd3AtY29udGVudFwvdXBsb2Fkc1wvMjAyMVwvMDZcL0UtQmlrZXMtOC5qcGciLCJzbGlkZXNob3ciOiJkZTc4NTcwIn0%3D\">\n\t\t\t\t\t<div class=\"e-gallery-image elementor-gallery-item__image\" data-thumbnail=\"https:\/\/www.all-in-one-mallorca.com\/wp-content\/uploads\/2021\/06\/E-Bikes-8.jpg\" data-width=\"768\" data-height=\"576\" aria-label=\"\" role=\"img\" ><\/div>\n\t\t\t\t\t\t\t\t\t\t\t<div class=\"elementor-gallery-item__overlay\"><\/div>\n\t\t\t\t\t\t\t\t\t\t\t\t\t\t<\/a>\n\t\t\t\t\t\t\t<a class=\"e-gallery-item elementor-gallery-item elementor-animated-content\" href=\"https:\/\/www.all-in-one-mallorca.com\/wp-content\/uploads\/2021\/06\/E-Bikes-9.jpg\" data-elementor-open-lightbox=\"yes\" data-elementor-lightbox-slideshow=\"de78570\" data-e-action-hash=\"#elementor-action%3Aaction%3Dlightbox%26settings%3DeyJpZCI6MjI5OCwidXJsIjoiaHR0cHM6XC9cL3d3dy5hbGwtaW4tb25lLW1hbGxvcmNhLmNvbVwvd3AtY29udGVudFwvdXBsb2Fkc1wvMjAyMVwvMDZcL0UtQmlrZXMtOS5qcGciLCJzbGlkZXNob3ciOiJkZTc4NTcwIn0%3D\">\n\t\t\t\t\t<div class=\"e-gallery-image elementor-gallery-item__image\" data-thumbnail=\"https:\/\/www.all-in-one-mallorca.com\/wp-content\/uploads\/2021\/06\/E-Bikes-9.jpg\" data-width=\"768\" data-height=\"576\" aria-label=\"\" role=\"img\" ><\/div>\n\t\t\t\t\t\t\t\t\t\t\t<div class=\"elementor-gallery-item__overlay\"><\/div>\n\t\t\t\t\t\t\t\t\t\t\t\t\t\t<\/a>\n\t\t\t\t\t\t\t<a class=\"e-gallery-item elementor-gallery-item elementor-animated-content\" href=\"https:\/\/www.all-in-one-mallorca.com\/wp-content\/uploads\/2021\/06\/E-Bikes-10.jpg\" data-elementor-open-lightbox=\"yes\" data-elementor-lightbox-slideshow=\"de78570\" data-e-action-hash=\"#elementor-action%3Aaction%3Dlightbox%26settings%3DeyJpZCI6MjMwMSwidXJsIjoiaHR0cHM6XC9cL3d3dy5hbGwtaW4tb25lLW1hbGxvcmNhLmNvbVwvd3AtY29udGVudFwvdXBsb2Fkc1wvMjAyMVwvMDZcL0UtQmlrZXMtMTAuanBnIiwic2xpZGVzaG93IjoiZGU3ODU3MCJ9\">\n\t\t\t\t\t<div class=\"e-gallery-image elementor-gallery-item__image\" data-thumbnail=\"https:\/\/www.all-in-one-mallorca.com\/wp-content\/uploads\/2021\/06\/E-Bikes-10.jpg\" data-width=\"768\" data-height=\"576\" aria-label=\"\" role=\"img\" ><\/div>\n\t\t\t\t\t\t\t\t\t\t\t<div class=\"elementor-gallery-item__overlay\"><\/div>\n\t\t\t\t\t\t\t\t\t\t\t\t\t\t<\/a>\n\t\t\t\t\t<\/div>\n\t\t\t\t\t<\/div>\n\t\t\t\t<\/div>\n\t\t\t\t\t<\/div>\n\t\t<\/div>\n\t\t\t\t\t<\/div>\n\t\t<\/section>\n\t\t\t\t<\/div>\n\t\t","protected":false},"excerpt":{"rendered":"<p>E-Bikes &amp; Fat Bikes Ofrecemos elegantes bicicletas el\u00e9ctricas para alquilar o vender. \u00a1Debido a su genial estilo \u00abHarley each Cruiser\u00bb, las bicicletas el\u00e9ctricas fat son un atractivo absoluto! Los precios de alquiler son 39 euros por medio d\u00eda (4 horas) o 59 euros por un d\u00eda entero. Las motos tambi\u00e9n est\u00e1n a la venta por [&hellip;]<\/p>\n","protected":false},"author":1,"featured_media":0,"parent":0,"menu_order":4,"comment_status":"closed","ping_status":"closed","template":"","meta":{"_acf_changed":false,"footnotes":""},"class_list":["post-1345","page","type-page","status-publish","hentry"],"acf":[],"_links":{"self":[{"href":"https:\/\/www.all-in-one-mallorca.com\/es\/wp-json\/wp\/v2\/pages\/1345","targetHints":{"allow":["GET"]}}],"collection":[{"href":"https:\/\/www.all-in-one-mallorca.com\/es\/wp-json\/wp\/v2\/pages"}],"about":[{"href":"https:\/\/www.all-in-one-mallorca.com\/es\/wp-json\/wp\/v2\/types\/page"}],"author":[{"embeddable":true,"href":"https:\/\/www.all-in-one-mallorca.com\/es\/wp-json\/wp\/v2\/users\/1"}],"replies":[{"embeddable":true,"href":"https:\/\/www.all-in-one-mallorca.com\/es\/wp-json\/wp\/v2\/comments?post=1345"}],"version-history":[{"count":0,"href":"https:\/\/www.all-in-one-mallorca.com\/es\/wp-json\/wp\/v2\/pages\/1345\/revisions"}],"wp:attachment":[{"href":"https:\/\/www.all-in-one-mallorca.com\/es\/wp-json\/wp\/v2\/media?parent=1345"}],"curies":[{"name":"wp","href":"https:\/\/api.w.org\/{rel}","templated":true}]}}