{"id":1343,"date":"2021-05-31T13:42:34","date_gmt":"2021-05-31T12:42:34","guid":{"rendered":"https:\/\/www.all-in-one-mallorca.com\/inicio\/"},"modified":"2021-06-01T13:57:42","modified_gmt":"2021-06-01T12:57:42","slug":"inicio","status":"publish","type":"page","link":"https:\/\/www.all-in-one-mallorca.com\/es\/inicio\/","title":{"rendered":"Inicio"},"content":{"rendered":"\t\t<div data-elementor-type=\"wp-page\" data-elementor-id=\"1343\" class=\"elementor elementor-1343\" data-elementor-post-type=\"page\">\n\t\t\t\t\t\t<section class=\"elementor-section elementor-top-section elementor-element elementor-element-3c974e9 elementor-section-boxed elementor-section-height-default elementor-section-height-default\" data-id=\"3c974e9\" data-element_type=\"section\" data-e-type=\"section\" data-settings=\"{&quot;background_background&quot;:&quot;classic&quot;}\">\n\t\t\t\t\t\t\t<div class=\"elementor-background-overlay\"><\/div>\n\t\t\t\t\t\t\t<div class=\"elementor-container elementor-column-gap-default\">\n\t\t\t\t\t<div class=\"elementor-column elementor-col-100 elementor-top-column elementor-element elementor-element-0d9a8c5\" data-id=\"0d9a8c5\" data-element_type=\"column\" data-e-type=\"column\" data-settings=\"{&quot;background_background&quot;:&quot;classic&quot;}\">\n\t\t\t<div class=\"elementor-widget-wrap elementor-element-populated\">\n\t\t\t\t\t\t<div class=\"elementor-element elementor-element-1d9faf3 animated-slow elementor-invisible elementor-widget elementor-widget-heading\" data-id=\"1d9faf3\" data-element_type=\"widget\" data-e-type=\"widget\" data-settings=\"{&quot;_animation&quot;:&quot;lightSpeedIn&quot;}\" data-widget_type=\"heading.default\">\n\t\t\t\t<div class=\"elementor-widget-container\">\n\t\t\t\t\t<h2 class=\"elementor-heading-title elementor-size-default\">\u00a1El alquiler n\u00b0 1 de Harleys en Mallorca!<\/h2>\t\t\t\t<\/div>\n\t\t\t\t<\/div>\n\t\t\t\t<section class=\"elementor-section elementor-inner-section elementor-element elementor-element-dbbe4a1 elementor-section-full_width elementor-section-height-default elementor-section-height-default\" data-id=\"dbbe4a1\" data-element_type=\"section\" data-e-type=\"section\">\n\t\t\t\t\t\t<div class=\"elementor-container elementor-column-gap-default\">\n\t\t\t\t\t<div class=\"elementor-column elementor-col-50 elementor-inner-column elementor-element elementor-element-39cac9f\" data-id=\"39cac9f\" data-element_type=\"column\" data-e-type=\"column\">\n\t\t\t<div class=\"elementor-widget-wrap elementor-element-populated\">\n\t\t\t\t\t\t<div class=\"elementor-element elementor-element-1bd428f elementor-widget elementor-widget-text-editor\" data-id=\"1bd428f\" data-element_type=\"widget\" data-e-type=\"widget\" data-widget_type=\"text-editor.default\">\n\t\t\t\t<div class=\"elementor-widget-container\">\n\t\t\t\t\t\t\t\t\t<div class=\"wpb_column vc_column_container vc_col-sm-12\">\n<div class=\"vc_column-inner\">\n<div class=\"wpb_wrapper\">\n<div class=\"wpb_text_column wpb_content_element \">\n<div class=\"wpb_wrapper\">\n<p><span id=\"result_box\" lang=\"es\"><span class=\"hps\">Nosotros,<\/span>\u00a0<strong><span class=\"hps\">All In One<\/span>\u00a0<span class=\"hps\">Mallorca<\/span><\/strong>,\u00a0<span class=\"hps\">estamos<\/span>\u00a0<span class=\"hps\">anot\u00e1ndose<\/span>\u00a0<span class=\"hps\">trabajar con nuestro<\/span>\u00a0<span class=\"hps\">Alquiler<\/span>\u00a0<span class=\"hps\">Harley<\/span>\u00a0<span class=\"hps\">Davidson<\/span>\u00a0<span class=\"hps\">y nuestra<\/span>\u00a0<span class=\"hps\">oficina de servicio<\/span><span class=\"hps\">durante casi cinco<\/span>\u00a0<span class=\"hps\">a\u00f1os en la<\/span>\u00a0<span class=\"hps\">Playa de Palma<\/span>.\u00a0<span class=\"hps\">Nuestra<\/span>\u00a0<span class=\"hps\">pasi\u00f3n por la<\/span><span class=\"hps\">Harley<\/span>\u00a0<span class=\"hps\">se refleja<\/span>\u00a0<span class=\"hps\">en el detalle de<\/span>\u00a0<span class=\"hps\">nuestras motos <\/span><span class=\"hps\">y estamos encantados<\/span>\u00a0<span class=\"hps\">de tener ahora<\/span>\u00a0<span class=\"hps\">tantos<\/span>\u00a0<span class=\"hps\">clientes satisfechos<\/span>\u00a0<span class=\"hps\">y<\/span> aficionados de <span class=\"hps\">Harley<\/span>.<\/span><\/p>\n<p><span class=\"hps\">Ya sea<\/span>\u00a0<span class=\"hps\">Sportster<\/span>,\u00a0<span class=\"hps\">Dyna<\/span>,\u00a0<span class=\"hps\">Fatboy<\/span>,\u00a0<span class=\"hps\">Heritage<\/span>,\u00a0<span class=\"hps\">Road King<\/span>,\u00a0<span class=\"hps\">o<\/span>\u00a0<span class=\"hps\">Ultraglide<\/span>\u00a0<span class=\"hps\">\u2026 \u00a1Tenemos<\/span>\u00a0<span class=\"hps\">la moto adecuada<\/span>\u00a0<span class=\"hps\">para todos<\/span><span class=\"hps\">!<\/span><\/p>\n<p><span class=\"VIiyi\" lang=\"es\"><span class=\"JLqJ4b ChMk0b\" data-language-for-alternatives=\"es\" data-language-to-translate-into=\"de\" data-phrase-index=\"0\">Adem\u00e1s de las Harleys, tambi\u00e9n tenemos bicicletas el\u00e9ctricas nuevas y elegantes.<\/span> <span class=\"JLqJ4b ChMk0b\" data-language-for-alternatives=\"es\" data-language-to-translate-into=\"de\" data-phrase-index=\"1\">\u00a1Las motos electro fat al estilo Harley son realmente divertidas!<\/span> <span class=\"JLqJ4b ChMk0b\" data-language-for-alternatives=\"es\" data-language-to-translate-into=\"de\" data-phrase-index=\"2\">Tambi\u00e9n ofrecemos ch\u00e1rter de barcos y alquiler de coches.<\/span><\/span><\/p>\n<\/div>\n<\/div>\n<\/div>\n<\/div>\n<\/div>\n\t\t\t\t\t\t\t\t<\/div>\n\t\t\t\t<\/div>\n\t\t\t\t\t<\/div>\n\t\t<\/div>\n\t\t\t\t<div class=\"elementor-column elementor-col-50 elementor-inner-column elementor-element elementor-element-e9ba159\" data-id=\"e9ba159\" data-element_type=\"column\" data-e-type=\"column\">\n\t\t\t<div class=\"elementor-widget-wrap elementor-element-populated\">\n\t\t\t\t\t\t<div class=\"elementor-element elementor-element-a0657c2 elementor--h-position-center elementor--v-position-middle elementor-arrows-position-inside elementor-pagination-position-inside elementor-widget elementor-widget-slides\" data-id=\"a0657c2\" data-element_type=\"widget\" data-e-type=\"widget\" data-settings=\"{&quot;navigation&quot;:&quot;both&quot;,&quot;autoplay&quot;:&quot;yes&quot;,&quot;pause_on_hover&quot;:&quot;yes&quot;,&quot;pause_on_interaction&quot;:&quot;yes&quot;,&quot;autoplay_speed&quot;:5000,&quot;infinite&quot;:&quot;yes&quot;,&quot;transition&quot;:&quot;slide&quot;,&quot;transition_speed&quot;:500}\" data-widget_type=\"slides.default\">\n\t\t\t\t<div class=\"elementor-widget-container\">\n\t\t\t\t\t\t\t\t\t<div class=\"elementor-swiper\">\n\t\t\t\t\t<div class=\"elementor-slides-wrapper elementor-main-swiper swiper\" role=\"region\" aria-roledescription=\"carousel\" aria-label=\"Diapositivas\" dir=\"ltr\" data-animation=\"fadeInUp\">\n\t\t\t\t<div class=\"swiper-wrapper elementor-slides\">\n\t\t\t\t\t\t\t\t\t\t<div class=\"elementor-repeater-item-dcec0f5 swiper-slide\" role=\"group\" aria-roledescription=\"slide\"><div class=\"swiper-slide-bg elementor-ken-burns elementor-ken-burns--in\" role=\"img\" aria-label=\"Diapositivas\"elementor-background-overlay\"><\/div><a class=\"swiper-slide-inner\" href=\"#nuestras-harleys\"><div class=\"swiper-slide-contents\"><div class=\"elementor-slide-heading\">Harleys<\/div><div class=\"elementor-slide-description\"><p>Sportster, Street Bob, Fat Bob, Low Rider, Heritage, Sport Glide, Roadking, Street Glide Special o Ultra Glide Limited...<\/p>\n<\/div><div  class=\"elementor-button elementor-slide-button elementor-size-sm\">Ver detalles<\/div><\/div><\/a><\/div><div class=\"elementor-repeater-item-b30812e swiper-slide\" role=\"group\" aria-roledescription=\"slide\"><div class=\"swiper-slide-bg elementor-ken-burns elementor-ken-burns--in\" role=\"img\" aria-label=\"Diapositivas\"elementor-background-overlay\"><\/div><a class=\"swiper-slide-inner\" href=\"https:\/\/www.all-in-one-mallorca.com\/es\/e-bikes-fat-bikes\/\"><div class=\"swiper-slide-contents\"><div class=\"elementor-slide-heading\">E-Bikes & Fat Bikes<\/div><div class=\"elementor-slide-description\"><p>La \u00faltima tendencia de ocio, \u00a1no te la pierdas!<\/p>\n<\/div><div  class=\"elementor-button elementor-slide-button elementor-size-sm\">Descubra nuestras bicicletas el\u00e9ctricas y fat bikes<\/div><\/div><\/a><\/div><div class=\"elementor-repeater-item-4be4784 swiper-slide\" role=\"group\" aria-roledescription=\"slide\"><div class=\"swiper-slide-bg elementor-ken-burns elementor-ken-burns--in\" role=\"img\" aria-label=\"Diapositivas\"elementor-background-overlay\"><\/div><a class=\"swiper-slide-inner\" href=\"https:\/\/www.all-in-one-mallorca.com\/es\/alquiler-de-coches\/\"><div class=\"swiper-slide-contents\"><div class=\"elementor-slide-heading\">Alquiler de coches<\/div><div class=\"elementor-slide-description\"><p>\u00bfBusca un veh\u00edculo de 4 ruedas? \u00a1No hay problema!<\/p>\n<\/div><div  class=\"elementor-button elementor-slide-button elementor-size-sm\">Descubra nuestra flota de coches<\/div><\/div><\/a><\/div>\t\t\t\t<\/div>\n\t\t\t\t\t\t\t\t\t\t\t\t\t\t\t<div class=\"elementor-swiper-button elementor-swiper-button-prev\" role=\"button\" tabindex=\"0\" aria-label=\"Diapositivas\">\n\t\t\t\t\t\t\t<i aria-hidden=\"true\" class=\"eicon-chevron-left\"><\/i>\t\t\t\t\t\t<\/div>\n\t\t\t\t\t\t<div class=\"elementor-swiper-button elementor-swiper-button-next\" role=\"button\" tabindex=\"0\" aria-label=\"Diapositivas\">\n\t\t\t\t\t\t\t<i aria-hidden=\"true\" class=\"eicon-chevron-right\"><\/i>\t\t\t\t\t\t<\/div>\n\t\t\t\t\t\t\t\t\t\t\t\t\t\t\t\t<div class=\"swiper-pagination\"><\/div>\n\t\t\t\t\t\t\t\t\t\t\t\t<\/div>\n\t\t\t\t<\/div>\n\t\t\t\t\t\t\t\t<\/div>\n\t\t\t\t<\/div>\n\t\t\t\t\t<\/div>\n\t\t<\/div>\n\t\t\t\t\t<\/div>\n\t\t<\/section>\n\t\t\t\t<div class=\"elementor-element elementor-element-06b1d86 elementor-widget elementor-widget-menu-anchor\" data-id=\"06b1d86\" data-element_type=\"widget\" data-e-type=\"widget\" data-widget_type=\"menu-anchor.default\">\n\t\t\t\t<div class=\"elementor-widget-container\">\n\t\t\t\t\t\t\t<div class=\"elementor-menu-anchor\" id=\"nuestras-harleys\"><\/div>\n\t\t\t\t\t\t<\/div>\n\t\t\t\t<\/div>\n\t\t\t\t<div class=\"elementor-element elementor-element-567d6c7 elementor-icon-list--layout-traditional elementor-list-item-link-full_width elementor-widget elementor-widget-icon-list\" data-id=\"567d6c7\" data-element_type=\"widget\" data-e-type=\"widget\" data-widget_type=\"icon-list.default\">\n\t\t\t\t<div class=\"elementor-widget-container\">\n\t\t\t\t\t\t\t<ul class=\"elementor-icon-list-items\">\n\t\t\t\t\t\t\t<li class=\"elementor-icon-list-item\">\n\t\t\t\t\t\t\t\t\t\t\t<span class=\"elementor-icon-list-icon\">\n\t\t\t\t\t\t\t<i aria-hidden=\"true\" class=\"fas fa-biking\"><\/i>\t\t\t\t\t\t<\/span>\n\t\t\t\t\t\t\t\t\t\t<span class=\"elementor-icon-list-text\">Nuestra flota Harley<\/span>\n\t\t\t\t\t\t\t\t\t<\/li>\n\t\t\t\t\t\t<\/ul>\n\t\t\t\t\t\t<\/div>\n\t\t\t\t<\/div>\n\t\t\t\t<div class=\"elementor-element elementor-element-7eec367 elementor-widget elementor-widget-text-editor\" data-id=\"7eec367\" data-element_type=\"widget\" data-e-type=\"widget\" data-widget_type=\"text-editor.default\">\n\t\t\t\t<div class=\"elementor-widget-container\">\n\t\t\t\t\t\t\t\t\t<p><span class=\"VIiyi\" lang=\"es\"><span class=\"JLqJ4b ChMk0b\" data-language-for-alternatives=\"es\" data-language-to-translate-into=\"de\" data-phrase-index=\"0\">Ya sea Sportster, Street Bob, Fat Bob, Low Rider, Heritage, Sport Glide, Roadking, Street Glide Special o Ultra Glide Limited &#8230; \u00a1tenemos la moto adecuada para todos!<\/span><\/span><\/p>\n\t\t\t\t\t\t\t\t<\/div>\n\t\t\t\t<\/div>\n\t\t\t\t\t<\/div>\n\t\t<\/div>\n\t\t\t\t\t<\/div>\n\t\t<\/section>\n\t\t\t\t<\/div>\n\t\t","protected":false},"excerpt":{"rendered":"<p>\u00a1El alquiler n\u00b0 1 de Harleys en Mallorca! Nosotros,\u00a0All In One\u00a0Mallorca,\u00a0estamos\u00a0anot\u00e1ndose\u00a0trabajar con nuestro\u00a0Alquiler\u00a0Harley\u00a0Davidson\u00a0y nuestra\u00a0oficina de serviciodurante casi cinco\u00a0a\u00f1os en la\u00a0Playa de Palma.\u00a0Nuestra\u00a0pasi\u00f3n por laHarley\u00a0se refleja\u00a0en el detalle de\u00a0nuestras motos y estamos encantados\u00a0de tener ahora\u00a0tantos\u00a0clientes satisfechos\u00a0y aficionados de Harley. Ya sea\u00a0Sportster,\u00a0Dyna,\u00a0Fatboy,\u00a0Heritage,\u00a0Road King,\u00a0o\u00a0Ultraglide\u00a0\u2026 \u00a1Tenemos\u00a0la moto adecuada\u00a0para todos! Adem\u00e1s de las Harleys, tambi\u00e9n tenemos bicicletas el\u00e9ctricas nuevas y [&hellip;]<\/p>\n","protected":false},"author":1,"featured_media":0,"parent":0,"menu_order":1,"comment_status":"closed","ping_status":"closed","template":"","meta":{"_acf_changed":false,"footnotes":""},"class_list":["post-1343","page","type-page","status-publish","hentry"],"acf":[],"_links":{"self":[{"href":"https:\/\/www.all-in-one-mallorca.com\/es\/wp-json\/wp\/v2\/pages\/1343","targetHints":{"allow":["GET"]}}],"collection":[{"href":"https:\/\/www.all-in-one-mallorca.com\/es\/wp-json\/wp\/v2\/pages"}],"about":[{"href":"https:\/\/www.all-in-one-mallorca.com\/es\/wp-json\/wp\/v2\/types\/page"}],"author":[{"embeddable":true,"href":"https:\/\/www.all-in-one-mallorca.com\/es\/wp-json\/wp\/v2\/users\/1"}],"replies":[{"embeddable":true,"href":"https:\/\/www.all-in-one-mallorca.com\/es\/wp-json\/wp\/v2\/comments?post=1343"}],"version-history":[{"count":0,"href":"https:\/\/www.all-in-one-mallorca.com\/es\/wp-json\/wp\/v2\/pages\/1343\/revisions"}],"wp:attachment":[{"href":"https:\/\/www.all-in-one-mallorca.com\/es\/wp-json\/wp\/v2\/media?parent=1343"}],"curies":[{"name":"wp","href":"https:\/\/api.w.org\/{rel}","templated":true}]}}