{"id":3,"date":"2021-05-01T12:43:10","date_gmt":"2021-05-01T11:43:10","guid":{"rendered":"https:\/\/www.all-in-one-mallorca.com\/?page_id=3"},"modified":"2021-05-30T19:51:29","modified_gmt":"2021-05-30T18:51:29","slug":"privacy-policy","status":"publish","type":"page","link":"https:\/\/www.all-in-one-mallorca.com\/en\/privacy-policy\/","title":{"rendered":"Privacy Policy"},"content":{"rendered":"\t\t<div data-elementor-type=\"wp-page\" data-elementor-id=\"3\" class=\"elementor elementor-3\" data-elementor-post-type=\"page\">\n\t\t\t\t\t\t<section class=\"elementor-section elementor-top-section elementor-element elementor-element-4e5c36e5 elementor-section-boxed elementor-section-height-default elementor-section-height-default\" data-id=\"4e5c36e5\" data-element_type=\"section\" data-e-type=\"section\" data-settings=\"{&quot;background_background&quot;:&quot;classic&quot;}\">\n\t\t\t\t\t\t\t<div class=\"elementor-background-overlay\"><\/div>\n\t\t\t\t\t\t\t<div class=\"elementor-container elementor-column-gap-default\">\n\t\t\t\t\t<div class=\"elementor-column elementor-col-100 elementor-top-column elementor-element elementor-element-570540b6\" data-id=\"570540b6\" data-element_type=\"column\" data-e-type=\"column\">\n\t\t\t<div class=\"elementor-widget-wrap elementor-element-populated\">\n\t\t\t\t\t\t<div class=\"elementor-element elementor-element-6f299cb elementor-widget elementor-widget-heading\" data-id=\"6f299cb\" data-element_type=\"widget\" data-e-type=\"widget\" data-widget_type=\"heading.default\">\n\t\t\t\t<div class=\"elementor-widget-container\">\n\t\t\t\t\t<h2 class=\"elementor-heading-title elementor-size-default\">Data Protection<\/h2>\t\t\t\t<\/div>\n\t\t\t\t<\/div>\n\t\t\t\t<div class=\"elementor-element elementor-element-c280723 elementor-widget elementor-widget-text-editor\" data-id=\"c280723\" data-element_type=\"widget\" data-e-type=\"widget\" data-widget_type=\"text-editor.default\">\n\t\t\t\t<div class=\"elementor-widget-container\">\n\t\t\t\t\t\t\t\t\t<p>Responsible body within the meaning of data protection laws, in particular the EU General Data Protection Regulation (GDPR), is:<\/p>\n<p>\u00a0<\/p>\n<p><strong>All In One Mallorca 2011 SL<\/strong><\/p>\n<p>Calle Marbella, 42<\/p>\n<p>E-07610 Playa de Palma | Mallorca<\/p>\n<p>\u00a0<\/p>\n<p><strong>CIF: B57725939<\/strong><\/p>\t\t\t\t\t\t\t\t<\/div>\n\t\t\t\t<\/div>\n\t\t\t\t<div class=\"elementor-element elementor-element-7a8291f elementor-widget elementor-widget-heading\" data-id=\"7a8291f\" data-element_type=\"widget\" data-e-type=\"widget\" data-widget_type=\"heading.default\">\n\t\t\t\t<div class=\"elementor-widget-container\">\n\t\t\t\t\t<h2 class=\"elementor-heading-title elementor-size-default\">Your Rights As A Data Subject<\/h2>\t\t\t\t<\/div>\n\t\t\t\t<\/div>\n\t\t\t\t<div class=\"elementor-element elementor-element-9726ec4 elementor-widget elementor-widget-text-editor\" data-id=\"9726ec4\" data-element_type=\"widget\" data-e-type=\"widget\" data-widget_type=\"text-editor.default\">\n\t\t\t\t<div class=\"elementor-widget-container\">\n\t\t\t\t\t\t\t\t\t<p>You can exercise the following rights at any time using the contact details of our data protection officer:<\/p>\n<ul>\n<li>Information about your data stored by us and their processing<\/li>\n<li>Correction of incorrect personal data,<br \/>Deletion of your data stored by us<\/li>\n<li>Restriction of data processing if we are not yet allowed to delete your data due to legal obligations<\/li>\n<li>Objection to the processing of your data by us and<\/li>\n<li>Data portability, provided you have consented to the data processing or have concluded a contract with us.<\/li>\n<\/ul>\n<p>If you have given us your consent, you can revoke it at any time with effect for the future.<\/p>\n<p>You can contact the supervisory authority responsible for you at any time with a complaint. Your competent supervisory authority depends on the state of your place of residence, your work or the alleged violation. A list of the supervisory authorities (for the non-public area) with addresses can be found at: https:\/\/www.bfdi.bund.de\/DE\/Infothek\/Anschriften_Links\/anschriften_links-node.html.<\/p>\t\t\t\t\t\t\t\t<\/div>\n\t\t\t\t<\/div>\n\t\t\t\t<div class=\"elementor-element elementor-element-21bfaaa elementor-widget elementor-widget-heading\" data-id=\"21bfaaa\" data-element_type=\"widget\" data-e-type=\"widget\" data-widget_type=\"heading.default\">\n\t\t\t\t<div class=\"elementor-widget-container\">\n\t\t\t\t\t<h2 class=\"elementor-heading-title elementor-size-default\">Purposes Of Data Processing By The Responsible Body And Third Parties<\/h2>\t\t\t\t<\/div>\n\t\t\t\t<\/div>\n\t\t\t\t<div class=\"elementor-element elementor-element-a5ab63b elementor-widget elementor-widget-text-editor\" data-id=\"a5ab63b\" data-element_type=\"widget\" data-e-type=\"widget\" data-widget_type=\"text-editor.default\">\n\t\t\t\t<div class=\"elementor-widget-container\">\n\t\t\t\t\t\t\t\t\t<p>We process your personal data only for the purposes stated in this data protection declaration. A transfer of your personal data to third parties for purposes other than those mentioned does not take place. We only pass on your personal data to third parties if:<\/p>\n<p>You have given your express consent<br \/>the processing is necessary to process a contract with you,<br \/>the processing is necessary to fulfill a legal obligation,<br \/>Processing is necessary to safeguard legitimate interests and there is no reason to assume that you have an overriding legitimate interest in not disclosing your data.<\/p>\t\t\t\t\t\t\t\t<\/div>\n\t\t\t\t<\/div>\n\t\t\t\t<div class=\"elementor-element elementor-element-ec5c0f2 elementor-widget elementor-widget-heading\" data-id=\"ec5c0f2\" data-element_type=\"widget\" data-e-type=\"widget\" data-widget_type=\"heading.default\">\n\t\t\t\t<div class=\"elementor-widget-container\">\n\t\t\t\t\t<h2 class=\"elementor-heading-title elementor-size-default\">Deletion Or Blocking Of The Data<\/h2>\t\t\t\t<\/div>\n\t\t\t\t<\/div>\n\t\t\t\t<div class=\"elementor-element elementor-element-1fddfb4 elementor-widget elementor-widget-text-editor\" data-id=\"1fddfb4\" data-element_type=\"widget\" data-e-type=\"widget\" data-widget_type=\"text-editor.default\">\n\t\t\t\t<div class=\"elementor-widget-container\">\n\t\t\t\t\t\t\t\t\t<p>We adhere to the principles of data avoidance and data economy. We therefore only store your personal data for as long as is necessary to achieve the purposes mentioned here or as stipulated by the various storage periods provided by law. After the respective purpose or expiry of these deadlines, the corresponding data will be routinely blocked or deleted in accordance with the statutory provisions.<\/p>\t\t\t\t\t\t\t\t<\/div>\n\t\t\t\t<\/div>\n\t\t\t\t<div class=\"elementor-element elementor-element-ded4ca4 elementor-widget elementor-widget-heading\" data-id=\"ded4ca4\" data-element_type=\"widget\" data-e-type=\"widget\" data-widget_type=\"heading.default\">\n\t\t\t\t<div class=\"elementor-widget-container\">\n\t\t\t\t\t<h2 class=\"elementor-heading-title elementor-size-default\">Collection Of General Information When You Visit Our Website<\/h2>\t\t\t\t<\/div>\n\t\t\t\t<\/div>\n\t\t\t\t<div class=\"elementor-element elementor-element-d5eea20 elementor-widget elementor-widget-text-editor\" data-id=\"d5eea20\" data-element_type=\"widget\" data-e-type=\"widget\" data-widget_type=\"text-editor.default\">\n\t\t\t\t<div class=\"elementor-widget-container\">\n\t\t\t\t\t\t\t\t\t<p>When you access our website, information of a general nature is automatically recorded by means of a cookie. This information (server log files) includes, for example, the type of web browser, the operating system used, the domain name of your Internet service provider and the like. This is exclusively information that does not allow any conclusions to be drawn about your person.<\/p>\n<p>This information is technically necessary in order to correctly deliver the website content you have requested and is mandatory when using the Internet. In particular, they are processed for the following purposes:<\/p>\n<p>\u00a0<\/p>\n<ul>\n<li>Ensuring a problem-free connection to the website<\/li>\n<li>Ensuring smooth use of our website<\/li>\n<li>Evaluation of system security and stability<\/li>\n<li>For further administrative purposes<\/li>\n<\/ul>\n<p>\u00a0<\/p>\n<p>The processing of your personal data is based on our legitimate interest from the aforementioned data collection purposes. We do not use your data to draw conclusions about you personally. The recipient of the data is only the responsible body and, if necessary, the processor.<\/p>\n<p>Anonymous information of this kind may be statistically evaluated by us in order to optimize our website and the technology behind it.<\/p>\t\t\t\t\t\t\t\t<\/div>\n\t\t\t\t<\/div>\n\t\t\t\t<div class=\"elementor-element elementor-element-9875b88 elementor-widget elementor-widget-heading\" data-id=\"9875b88\" data-element_type=\"widget\" data-e-type=\"widget\" data-widget_type=\"heading.default\">\n\t\t\t\t<div class=\"elementor-widget-container\">\n\t\t\t\t\t<h2 class=\"elementor-heading-title elementor-size-default\">Cookies<\/h2>\t\t\t\t<\/div>\n\t\t\t\t<\/div>\n\t\t\t\t<div class=\"elementor-element elementor-element-c08d739 elementor-widget elementor-widget-text-editor\" data-id=\"c08d739\" data-element_type=\"widget\" data-e-type=\"widget\" data-widget_type=\"text-editor.default\">\n\t\t\t\t<div class=\"elementor-widget-container\">\n\t\t\t\t\t\t\t\t\t<p>Like many other websites, we also use so-called &#8220;cookies&#8221;. Cookies are small text files that are transferred to your hard drive by a website server. This automatically gives us certain data such as B. IP address, browser used, operating system and your connection to the Internet.<\/p>\n<p>Cookies cannot be used to start programs or transfer viruses to a computer. Based on the information contained in cookies, we can make navigation easier for you and enable our website to be displayed correctly.<\/p>\n<p>In no case will the data collected by us be passed on to third parties or linked to personal data without your consent.<\/p>\n<p>Of course, you can also view our website without cookies. Internet browsers are regularly set to accept cookies. In general, you can deactivate the use of cookies at any time via the settings of your browser. Please use the help functions of your internet browser to find out how you can change these settings. Please note that individual functions of our website may not work if you have deactivated the use of cookies.<\/p>\t\t\t\t\t\t\t\t<\/div>\n\t\t\t\t<\/div>\n\t\t\t\t<div class=\"elementor-element elementor-element-623f7e2 elementor-widget elementor-widget-heading\" data-id=\"623f7e2\" data-element_type=\"widget\" data-e-type=\"widget\" data-widget_type=\"heading.default\">\n\t\t\t\t<div class=\"elementor-widget-container\">\n\t\t\t\t\t<h2 class=\"elementor-heading-title elementor-size-default\">SSL Encryption<\/h2>\t\t\t\t<\/div>\n\t\t\t\t<\/div>\n\t\t\t\t<div class=\"elementor-element elementor-element-8aa303a elementor-widget elementor-widget-text-editor\" data-id=\"8aa303a\" data-element_type=\"widget\" data-e-type=\"widget\" data-widget_type=\"text-editor.default\">\n\t\t\t\t<div class=\"elementor-widget-container\">\n\t\t\t\t\t\t\t\t\t<p>Um die Sicherheit Ihrer Daten bei der \u00dcbertragung zu sch\u00fctzen, verwenden wir dem aktuellen Stand der Technik entsprechende Verschl\u00fcsselungsverfahren (z. B. SSL) \u00fcber HTTPS.<\/p>\t\t\t\t\t\t\t\t<\/div>\n\t\t\t\t<\/div>\n\t\t\t\t<div class=\"elementor-element elementor-element-f7b716e elementor-widget elementor-widget-heading\" data-id=\"f7b716e\" data-element_type=\"widget\" data-e-type=\"widget\" data-widget_type=\"heading.default\">\n\t\t\t\t<div class=\"elementor-widget-container\">\n\t\t\t\t\t<h2 class=\"elementor-heading-title elementor-size-default\">Contact Form<\/h2>\t\t\t\t<\/div>\n\t\t\t\t<\/div>\n\t\t\t\t<div class=\"elementor-element elementor-element-96dbd3b elementor-widget elementor-widget-text-editor\" data-id=\"96dbd3b\" data-element_type=\"widget\" data-e-type=\"widget\" data-widget_type=\"text-editor.default\">\n\t\t\t\t<div class=\"elementor-widget-container\">\n\t\t\t\t\t\t\t\t\t<p>If you contact us regarding questions of any kind by e-mail or contact form, give us your voluntary consent for the purpose of contacting us. A valid email address is required for this. This is used to assign the request and then answer it. The specification of further data is optional. The information you provide will be stored for the purpose of processing the request and for possible follow-up questions. After your request has been dealt with, personal data will be automatically deleted.<\/p>\t\t\t\t\t\t\t\t<\/div>\n\t\t\t\t<\/div>\n\t\t\t\t<div class=\"elementor-element elementor-element-2922768 elementor-widget elementor-widget-heading\" data-id=\"2922768\" data-element_type=\"widget\" data-e-type=\"widget\" data-widget_type=\"heading.default\">\n\t\t\t\t<div class=\"elementor-widget-container\">\n\t\t\t\t\t<h2 class=\"elementor-heading-title elementor-size-default\">Use Of Script Libraries (Google Web Fonts)<\/h2>\t\t\t\t<\/div>\n\t\t\t\t<\/div>\n\t\t\t\t<div class=\"elementor-element elementor-element-f280109 elementor-widget elementor-widget-text-editor\" data-id=\"f280109\" data-element_type=\"widget\" data-e-type=\"widget\" data-widget_type=\"text-editor.default\">\n\t\t\t\t<div class=\"elementor-widget-container\">\n\t\t\t\t\t\t\t\t\t<p>In order to present our content correctly and graphically appealing across browsers, we use script libraries and font libraries such as. B. Google Webfonts (https:\/\/www.google.com\/webfonts\/). Google web fonts are transferred to your browser&#8217;s cache to avoid multiple loading. If the browser does not support Google Web Fonts or prevents access, the content is displayed in a standard font.<\/p>\n<p>Calling up script libraries or font libraries automatically triggers a connection to the library operator. It is theoretically possible &#8211; but currently also unclear whether and, if so, for what purposes &#8211; that operators of such libraries collect data.<\/p>\n<p>You can find the privacy policy of the library operator Google here: https:\/\/www.google.com\/policies\/privacy\/<\/p>\t\t\t\t\t\t\t\t<\/div>\n\t\t\t\t<\/div>\n\t\t\t\t<div class=\"elementor-element elementor-element-0b3ea53 elementor-widget elementor-widget-heading\" data-id=\"0b3ea53\" data-element_type=\"widget\" data-e-type=\"widget\" data-widget_type=\"heading.default\">\n\t\t\t\t<div class=\"elementor-widget-container\">\n\t\t\t\t\t<h2 class=\"elementor-heading-title elementor-size-default\">Embedded YouTube Videos<\/h2>\t\t\t\t<\/div>\n\t\t\t\t<\/div>\n\t\t\t\t<div class=\"elementor-element elementor-element-e4955af elementor-widget elementor-widget-text-editor\" data-id=\"e4955af\" data-element_type=\"widget\" data-e-type=\"widget\" data-widget_type=\"text-editor.default\">\n\t\t\t\t<div class=\"elementor-widget-container\">\n\t\t\t\t\t\t\t\t\t<p>We embed YouTube videos on some of our websites. The operator of the corresponding plugins is YouTube, LLC, 901 Cherry Ave., San Bruno, CA 94066, USA. When you visit a page with the YouTube plug-in, a connection to YouTube servers is established. In doing so, YouTube is informed which pages you are visiting. If you are logged into your YouTube account, YouTube can assign your surfing behavior to you personally. You can prevent this by logging out of your YouTube account beforehand.<\/p>\n<p>If a YouTube video is started, the provider uses cookies that collect information about user behavior.<\/p>\n<p>If you have deactivated the storage of cookies for the Google Ad program, you will not have to reckon with such cookies when watching YouTube videos. However, YouTube also stores non-personal usage information in other cookies. If you want to prevent this, you have to block the storage of cookies in your browser.<\/p>\n<p>Further information on data protection at &#8220;Youtube&#8221; can be found in the provider&#8217;s data protection declaration at: https:\/\/www.google.de\/intl\/de\/policies\/privacy\/<\/p>\t\t\t\t\t\t\t\t<\/div>\n\t\t\t\t<\/div>\n\t\t\t\t<div class=\"elementor-element elementor-element-741308c elementor-widget elementor-widget-heading\" data-id=\"741308c\" data-element_type=\"widget\" data-e-type=\"widget\" data-widget_type=\"heading.default\">\n\t\t\t\t<div class=\"elementor-widget-container\">\n\t\t\t\t\t<h2 class=\"elementor-heading-title elementor-size-default\">Social Plugins<\/h2>\t\t\t\t<\/div>\n\t\t\t\t<\/div>\n\t\t\t\t<div class=\"elementor-element elementor-element-055ed1f elementor-widget elementor-widget-text-editor\" data-id=\"055ed1f\" data-element_type=\"widget\" data-e-type=\"widget\" data-widget_type=\"text-editor.default\">\n\t\t\t\t<div class=\"elementor-widget-container\">\n\t\t\t\t\t\t\t\t\t<p>We offer you the option of using so-called &#8220;social media buttons&#8221; on our website. To protect your data, we use the \u201cShariff\u201d solution during implementation. As a result, these buttons are only integrated into the website as a graphic that contains a link to the corresponding website of the button provider. By clicking on the graphic you will be forwarded to the services of the respective provider. Only then will your data be sent to the respective provider. If you do not click on the graphic, there will be no exchange between you and the providers of the social media buttons. Information about the collection and use of your data in the social networks can be found in the respective terms of use of the respective provider. You can find more information about the Shariff solution here:<\/p>\n<p>\u00a0<\/p>\n<p>http:\/\/www.heise.de\/ct\/artikel\/Shariff-Social-Media-Buttons-mit-Datenschutz-2467514.html<\/p>\t\t\t\t\t\t\t\t<\/div>\n\t\t\t\t<\/div>\n\t\t\t\t<div class=\"elementor-element elementor-element-f396012 elementor-widget elementor-widget-heading\" data-id=\"f396012\" data-element_type=\"widget\" data-e-type=\"widget\" data-widget_type=\"heading.default\">\n\t\t\t\t<div class=\"elementor-widget-container\">\n\t\t\t\t\t<h2 class=\"elementor-heading-title elementor-size-default\">Changes To Our Data Protection Regulations<\/h2>\t\t\t\t<\/div>\n\t\t\t\t<\/div>\n\t\t\t\t<div class=\"elementor-element elementor-element-ee3eed7 elementor-widget elementor-widget-text-editor\" data-id=\"ee3eed7\" data-element_type=\"widget\" data-e-type=\"widget\" data-widget_type=\"text-editor.default\">\n\t\t\t\t<div class=\"elementor-widget-container\">\n\t\t\t\t\t\t\t\t\t<p>We reserve the right to adapt this data protection declaration so that it always complies with current legal requirements or to implement changes to our services in the data protection declaration, e.g. when introducing new services. The new data protection declaration will then apply to your next visit.<\/p>\t\t\t\t\t\t\t\t<\/div>\n\t\t\t\t<\/div>\n\t\t\t\t<div class=\"elementor-element elementor-element-6d3a48b elementor-widget elementor-widget-heading\" data-id=\"6d3a48b\" data-element_type=\"widget\" data-e-type=\"widget\" data-widget_type=\"heading.default\">\n\t\t\t\t<div class=\"elementor-widget-container\">\n\t\t\t\t\t<h2 class=\"elementor-heading-title elementor-size-default\">Questions To The Data Protection Officer<\/h2>\t\t\t\t<\/div>\n\t\t\t\t<\/div>\n\t\t\t\t<div class=\"elementor-element elementor-element-98a5d1f elementor-widget elementor-widget-text-editor\" data-id=\"98a5d1f\" data-element_type=\"widget\" data-e-type=\"widget\" data-widget_type=\"text-editor.default\">\n\t\t\t\t<div class=\"elementor-widget-container\">\n\t\t\t\t\t\t\t\t\t<p>If you have any questions about data protection, please send us an email or contact the person responsible for data protection in our organization directly:<\/p>\n<p><a href=\"https:\/\/www.all-in-one-mallorca.com\/legal-notice\/\" data-wplink-url-error=\"true\">-&gt; Responsible Person<\/a><\/p>\t\t\t\t\t\t\t\t<\/div>\n\t\t\t\t<\/div>\n\t\t\t\t\t<\/div>\n\t\t<\/div>\n\t\t\t\t\t<\/div>\n\t\t<\/section>\n\t\t\t\t<\/div>\n\t\t","protected":false},"excerpt":{"rendered":"<p>Data Protection Responsible body within the meaning of data protection laws, in particular the EU General Data Protection Regulation (GDPR), is: \u00a0 All In One Mallorca 2011 SL Calle Marbella, 42 E-07610 Playa de Palma | Mallorca \u00a0 CIF: B57725939 Your Rights As A Data Subject You can exercise the following rights at any time [&hellip;]<\/p>\n","protected":false},"author":1,"featured_media":0,"parent":0,"menu_order":14,"comment_status":"closed","ping_status":"closed","template":"","meta":{"_acf_changed":false,"footnotes":""},"class_list":["post-3","page","type-page","status-publish","hentry"],"acf":[],"_links":{"self":[{"href":"https:\/\/www.all-in-one-mallorca.com\/en\/wp-json\/wp\/v2\/pages\/3","targetHints":{"allow":["GET"]}}],"collection":[{"href":"https:\/\/www.all-in-one-mallorca.com\/en\/wp-json\/wp\/v2\/pages"}],"about":[{"href":"https:\/\/www.all-in-one-mallorca.com\/en\/wp-json\/wp\/v2\/types\/page"}],"author":[{"embeddable":true,"href":"https:\/\/www.all-in-one-mallorca.com\/en\/wp-json\/wp\/v2\/users\/1"}],"replies":[{"embeddable":true,"href":"https:\/\/www.all-in-one-mallorca.com\/en\/wp-json\/wp\/v2\/comments?post=3"}],"version-history":[{"count":0,"href":"https:\/\/www.all-in-one-mallorca.com\/en\/wp-json\/wp\/v2\/pages\/3\/revisions"}],"wp:attachment":[{"href":"https:\/\/www.all-in-one-mallorca.com\/en\/wp-json\/wp\/v2\/media?parent=3"}],"curies":[{"name":"wp","href":"https:\/\/api.w.org\/{rel}","templated":true}]}}