{"id":1337,"date":"2021-05-31T13:10:47","date_gmt":"2021-05-31T12:10:47","guid":{"rendered":"https:\/\/www.all-in-one-mallorca.com\/impressum\/"},"modified":"2021-06-26T22:46:18","modified_gmt":"2021-06-26T21:46:18","slug":"impressum","status":"publish","type":"page","link":"https:\/\/www.all-in-one-mallorca.com\/de\/impressum\/","title":{"rendered":"Impressum"},"content":{"rendered":"\t\t<div data-elementor-type=\"wp-page\" data-elementor-id=\"1337\" class=\"elementor elementor-1337 elementor-35\" data-elementor-post-type=\"page\">\n\t\t\t\t\t\t<section class=\"elementor-section elementor-top-section elementor-element elementor-element-5fd2252 elementor-section-boxed elementor-section-height-default elementor-section-height-default\" data-id=\"5fd2252\" data-element_type=\"section\" data-e-type=\"section\" data-settings=\"{&quot;background_background&quot;:&quot;classic&quot;}\">\n\t\t\t\t\t\t\t<div class=\"elementor-background-overlay\"><\/div>\n\t\t\t\t\t\t\t<div class=\"elementor-container elementor-column-gap-default\">\n\t\t\t\t\t<div class=\"elementor-column elementor-col-100 elementor-top-column elementor-element elementor-element-4ece1d2\" data-id=\"4ece1d2\" data-element_type=\"column\" data-e-type=\"column\">\n\t\t\t<div class=\"elementor-widget-wrap elementor-element-populated\">\n\t\t\t\t\t\t<div class=\"elementor-element elementor-element-bf29bbe elementor-widget elementor-widget-heading\" data-id=\"bf29bbe\" data-element_type=\"widget\" data-e-type=\"widget\" data-widget_type=\"heading.default\">\n\t\t\t\t<div class=\"elementor-widget-container\">\n\t\t\t\t\t<h2 class=\"elementor-heading-title elementor-size-default\">Rechtliche Hinweise, Urheberrecht und Haftungsausschluss<\/h2>\t\t\t\t<\/div>\n\t\t\t\t<\/div>\n\t\t\t\t<div class=\"elementor-element elementor-element-be13b90 elementor-widget elementor-widget-text-editor\" data-id=\"be13b90\" data-element_type=\"widget\" data-e-type=\"widget\" data-widget_type=\"text-editor.default\">\n\t\t\t\t<div class=\"elementor-widget-container\">\n\t\t\t\t\t\t\t\t\t<div>\n<div>\n<div>\n<div>\n<div>\n<div>\n<div>\n<div id=\"impressum\">\n<div>\n<p>Diese Webseite ist Eigentum von:<\/p>\n<p><strong>All In One Mallorca 2011 SL<\/strong><\/p>\n<p>Calle Marbella 42<\/p>\n<p>E-07610 Playa de Palma | Mallorca<\/p>\n<p><strong>CIF: B57725939<\/strong><\/p>\n<p>Tel\/Fax:\u00a0 (+34) 971 265 190<\/p>\n<p>Mobil:\u00a0\u00a0\u00a0 (+34) 682 696 210<\/p>\n<p><a href=\"mailto:in**@*************ca.com\" data-original-string=\"qUX090XE3leKwYhMbB98fQ==138\/p9nZ+nm7Gpz1Rob4muiVPKWWfYo8LzyGBQvL\/oIBO0=\" title=\"Dieser Kontakt wurde von Anti-Spam by CleanTalk verschl\u00fcsselt. Klicken Sie hier, um ihn zu entschl\u00fcsseln. Um die Entschl\u00fcsselung abzuschlie\u00dfen, stellen Sie sicher, dass JavaScript in Ihrem Browser aktiviert ist.\"><span \n                data-original-string='HSnq\/GjItPMNihoNKw9d4A==138Pz5oEx2s00cb6k8Yb3knN\/ZwhmpXb+t9Hwn5FcvwfUk='\n                class='apbct-email-encoder'\n                title='Dieser Kontakt wurde von Anti-Spam by CleanTalk verschl\u00fcsselt. Klicken Sie hier, um ihn zu entschl\u00fcsseln. Um die Entschl\u00fcsselung abzuschlie\u00dfen, stellen Sie sicher, dass JavaScript in Ihrem Browser aktiviert ist.'>in<span class=\"apbct-blur\">**<\/span>@<span class=\"apbct-blur\">*************<\/span>ca.com<\/span><\/a><\/p>\n<p><a href=\"mailto:ko*****@*****************ca.com\" data-original-string=\"7lCBGnGv1PpyGcLfa5Ffpg==138e9brWzu4waY38zyypWn6IDRbYMf4d2\/hkrE\/U\/e8sFU=\" title=\"Dieser Kontakt wurde von Anti-Spam by CleanTalk verschl\u00fcsselt. Klicken Sie hier, um ihn zu entschl\u00fcsseln. Um die Entschl\u00fcsselung abzuschlie\u00dfen, stellen Sie sicher, dass JavaScript in Ihrem Browser aktiviert ist.\"><span \n                data-original-string='ffzp3XWSBPJoGgyuUVqDLg==138bpNpJ1WIblK95gyqUDPDEOkEmXsBPqioDqpILgEQgVM='\n                class='apbct-email-encoder'\n                title='Dieser Kontakt wurde von Anti-Spam by CleanTalk verschl\u00fcsselt. Klicken Sie hier, um ihn zu entschl\u00fcsseln. Um die Entschl\u00fcsselung abzuschlie\u00dfen, stellen Sie sicher, dass JavaScript in Ihrem Browser aktiviert ist.'>ko<span class=\"apbct-blur\">*****<\/span>@<span class=\"apbct-blur\">*****************<\/span>ca.com<\/span><\/a><\/p>\n<\/div>\n<\/div>\n<\/div>\n<\/div>\n<\/div>\n<\/div>\n<\/div>\n<\/div>\n<\/div>\n<div>\n<div>\n<div>\n<div><\/div>\n<\/div>\n<\/div>\n<\/div>\n\t\t\t\t\t\t\t\t<\/div>\n\t\t\t\t<\/div>\n\t\t\t\t\t<\/div>\n\t\t<\/div>\n\t\t\t\t\t<\/div>\n\t\t<\/section>\n\t\t\t\t<\/div>\n\t\t","protected":false},"excerpt":{"rendered":"<p>Rechtliche Hinweise, Urheberrecht und Haftungsausschluss Diese Webseite ist Eigentum von: All In One Mallorca 2011 SL Calle Marbella 42 E-07610 Playa de Palma | Mallorca CIF: B57725939 Tel\/Fax:\u00a0 (+34) 971 265 190 Mobil:\u00a0\u00a0\u00a0 (+34) 682 696 210 in**@*************ca.com ko*****@*****************ca.com<\/p>\n","protected":false},"author":1,"featured_media":0,"parent":0,"menu_order":12,"comment_status":"closed","ping_status":"closed","template":"","meta":{"_acf_changed":false,"footnotes":""},"class_list":["post-1337","page","type-page","status-publish","hentry"],"acf":[],"_links":{"self":[{"href":"https:\/\/www.all-in-one-mallorca.com\/de\/wp-json\/wp\/v2\/pages\/1337","targetHints":{"allow":["GET"]}}],"collection":[{"href":"https:\/\/www.all-in-one-mallorca.com\/de\/wp-json\/wp\/v2\/pages"}],"about":[{"href":"https:\/\/www.all-in-one-mallorca.com\/de\/wp-json\/wp\/v2\/types\/page"}],"author":[{"embeddable":true,"href":"https:\/\/www.all-in-one-mallorca.com\/de\/wp-json\/wp\/v2\/users\/1"}],"replies":[{"embeddable":true,"href":"https:\/\/www.all-in-one-mallorca.com\/de\/wp-json\/wp\/v2\/comments?post=1337"}],"version-history":[{"count":0,"href":"https:\/\/www.all-in-one-mallorca.com\/de\/wp-json\/wp\/v2\/pages\/1337\/revisions"}],"wp:attachment":[{"href":"https:\/\/www.all-in-one-mallorca.com\/de\/wp-json\/wp\/v2\/media?parent=1337"}],"curies":[{"name":"wp","href":"https:\/\/api.w.org\/{rel}","templated":true}]}}